{"id":240,"date":"2017-03-01T19:19:19","date_gmt":"2017-03-01T19:19:19","guid":{"rendered":"http:\/\/tri-tockice.hr\/index.html\/?page_id=240"},"modified":"2017-03-06T20:49:03","modified_gmt":"2017-03-06T20:49:03","slug":"usluge","status":"publish","type":"page","link":"https:\/\/tri-tockice.hr\/index.html\/usluge\/","title":{"rendered":"Usluge"},"content":{"rendered":"<p><strong>Usluge koje pru\u017eamo<\/strong><\/p>\n<p>&nbsp;<\/p>\n<p><strong>Monta\u017ea kuhinjskog namje\u0161taja<\/strong>&#8211; Kod monta\u017ee kuhinjskog namje\u0161taja potrebo je paziti na svaki detalj, ukoliko se napravi i najmanji propust kod monta\u017ee Va\u0161a \u0107e kuhinja imati daleko kra\u0107i vijek trajanja. Upravo zato je za monta\u017eu kuhinjskog namje\u0161taja potrebno najvi\u0161e vremena. Kod same monta\u017ee je potrebno sve dijelove kuhinje pravilno u\u010dvrstiti te adekvatno za\u0161titi. Nakon monta\u017ee dobiti \u0107ete ra\u010dun i garanciju za odra\u0111eni posao.<\/p>\n<p>&nbsp;<\/p>\n<p><strong>Monta\u017ea ormara<\/strong>&#8211; Sklapanje samog ormara nije pretjerano te\u0161ko, me\u0111utim nerijetko se doga\u0111a da monta\u017eu ormara rade nestru\u010dne osobe te da samu monta\u017eu ne odrade kvalitetno i profesionalno. Kao posljedica toga, Vama \u0107e ormar izgledati u redu, ali tek kada u njega stavite stvari, pokazati \u0107e se gre\u0161ke, a tada mo\u017ee biti kasno za korekcije. Mi Vam za na\u0161u monta\u017eu dajemo ra\u010dun i garanciju, te snosimo odgovornost i tro\u0161ak za eventualne gre\u0161ke koje se mogu dogoditi.<\/p>\n<p>&nbsp;<\/p>\n<p><strong>Monta\u017ea kreveta<\/strong>&#8211; Monta\u017ea samog kreveta nije komplicirana, me\u0111utim danas postoje kreveti sa kutijama za posteljinu, sa ugra\u0111enom rasvjetom, te nizom drugih dodatnih elemenata. Za monta\u017eu takvih modernijih kreveta potrebno je iskustvo, te se \u010desto doga\u0111a da kupac zapne u nekojoj fazi i tek tada zove nas. U tom slu\u010daju na\u0161 tim treba prvo otkriti problem i tek tada krenuti montirati. Time se gubi puno vi\u0161e vremena i monta\u017ea traje du\u017ee, a zna do\u0107i i do o\u0161te\u010denja samog namje\u0161taja. Zato Vam savjetujemo da prije upu\u0161tanja u avanturu monta\u017ee Va\u0161eg novog kreveta dobro procjenite mo\u017eete li ju kvalitetno odraditi sami, a ako procjenite da ne mo\u017eete, obratite se nama.<\/p>\n<p>&nbsp;<\/p>\n<p><strong>Monta\u017ea dnevnog boravka<\/strong>&#8211; Nerijetko je ovo vrlo zahtjevna monta\u017ea i potrebno je imati dosta alata.<\/p>\n<p>&nbsp;<\/p>\n<p><strong>Monta\u017ea kupaonskog namje\u0161taja<\/strong>&#8211; Kod monta\u017ee kupaonskog namje\u0161taja potrebno je dobro za\u0161titi sve elemente od vode, jer je voda najve\u0107i neprijatelj namje\u0161taja. Ukoliko nemate adekvatna sredstva ili ne znate kako izvr\u0161iti za\u0161titu , obratite se nama i na\u0161 tim \u0107e Vam odraditi monta\u017eu u najkra\u0107em mogu\u0107em roku.<\/p>\n<p>&nbsp;<\/p>\n<p><strong>Postavljanje slika po zidu, bu\u0161enje rupa<\/strong>&#8211; Imate slike, ogledala ili sli\u010dno i potrebno ih je objesiti na zid, a mi vam montiramo namje\u0161taj, obratite se monta\u017eerima i oni \u0107e Vam ih postaviti.<\/p>\n<p>&nbsp;<\/p>\n<p><strong>Postavljanje led rasvjete na Va\u0161 namje\u0161taj<\/strong>&#8211; Led rasvjeta je vrlo moderna, mali je potro\u0161a\u010d elektri\u010dne energije i daje izuzetno jako svijetlo. Ukoliko \u017eelite Va\u0161 stari namje\u0161taj osvje\u017eiti modernim svjetlom, obratite se nama.<\/p>\n<p>&nbsp;<\/p>\n<p><strong>Demonta\u017ea starog namje\u0161taja<\/strong>&#8211; Trebate demonta\u017eu starog namje\u0161taja da biste mogli postaviti novi, selite se i trebate demonta\u017eu i ponovnu monta\u017eu namje\u0161taja? Nazovite nas i problem je rije\u0161en. Nakon demonta\u017ee mo\u017eemo Va\u0161 stari namje\u0161taj odvesti, te ga zbrinuti.<\/p>\n<p>&nbsp;<\/p>\n<p><strong>Postavljanje laminatnih podova<\/strong>&#8211; Prilikom postavljanja laminatnog poda vrlo je va\u017eno pravilno pripremiti povr\u0161inu gdje se postavlja pod, povr\u0161ina mora biti suha, dobro o\u010di\u0161\u0107ena te nesmije imati nekih ve\u010dih neravnina. Nakon \u0161to se povr\u0161ina pripremi mo\u017ee se odpo\u010deti s postavljanjem laminatnog poda. Ukoliko nemate laminate ili svu ostalu potrebnu opremu, mi Vam mo\u017eemo ponuditi laminat od poznatog Austrijskog proizvo\u0111a\u010da Krono\u0161pan.<\/p>\n<p>&nbsp;<\/p>\n<p><strong>Kako pravilno pripremiti prostor gdje \u0107e se montirati namje\u0161taj?<\/strong>&#8211; Molimo Vas da prostor gdje se montira namje\u0161taj bude prazan i \u010dist, stvari koje se montiraju je po\u017eeljno ostaviti u nekoj drugoj prostoriji (naravno ako je to mogu\u0107e). Stari namje\u0161taj treba biti demontiran i maknut iz prostorije (ako nije dogovoreno da ga mi demontiramo). Tako \u0107ete omogu\u0107iti na\u0161im monta\u017eerima da svoj posao odrade kvalitetno i u\u010dinkovito. U slu\u010daju da prostor nije dobro pripremljen, na\u0161i monta\u017eeri gube dosta vremena oko pripreme i onda smo primorani naplatiti Vam dodatne radne sate.<\/p>\n<p>&nbsp;<\/p>\n<p><strong>Ukoliko \u017eelite svoj novi namje\u0161taj naru\u010diti od nas-\u00a0 <\/strong>Obratite nam se da dogovorimo termin. Na dogovoreni termin mi dolazimo do Vas te obavljamo izmjeru, dajemo Vam pokoji savjet i napravimo ponudu. Izmjera i ponuda su besplatni.<\/p>\n","protected":false},"excerpt":{"rendered":"<p>Usluge koje pru\u017eamo &nbsp; Monta\u017ea kuhinjskog namje\u0161taja&#8211; Kod monta\u017ee kuhinjskog namje\u0161taja potrebo je paziti na svaki detalj, ukoliko se napravi i najmanji propust kod monta\u017ee Va\u0161a \u0107e kuhinja imati daleko kra\u0107i vijek trajanja. Upravo zato je za monta\u017eu kuhinjskog namje\u0161taja <a href=\"https:\/\/tri-tockice.hr\/index.html\/usluge\/\" class=\"read-more\">Read More &#8230;<\/a><\/p>\n","protected":false},"author":1,"featured_media":0,"parent":0,"menu_order":0,"comment_status":"closed","ping_status":"closed","template":"","meta":[],"_links":{"self":[{"href":"https:\/\/tri-tockice.hr\/index.html\/wp-json\/wp\/v2\/pages\/240"}],"collection":[{"href":"https:\/\/tri-tockice.hr\/index.html\/wp-json\/wp\/v2\/pages"}],"about":[{"href":"https:\/\/tri-tockice.hr\/index.html\/wp-json\/wp\/v2\/types\/page"}],"author":[{"embeddable":true,"href":"https:\/\/tri-tockice.hr\/index.html\/wp-json\/wp\/v2\/users\/1"}],"replies":[{"embeddable":true,"href":"https:\/\/tri-tockice.hr\/index.html\/wp-json\/wp\/v2\/comments?post=240"}],"version-history":[{"count":11,"href":"https:\/\/tri-tockice.hr\/index.html\/wp-json\/wp\/v2\/pages\/240\/revisions"}],"predecessor-version":[{"id":394,"href":"https:\/\/tri-tockice.hr\/index.html\/wp-json\/wp\/v2\/pages\/240\/revisions\/394"}],"wp:attachment":[{"href":"https:\/\/tri-tockice.hr\/index.html\/wp-json\/wp\/v2\/media?parent=240"}],"curies":[{"name":"wp","href":"https:\/\/api.w.org\/{rel}","templated":true}]}}