{"id":35,"date":"2016-10-24T17:23:18","date_gmt":"2016-10-24T17:23:18","guid":{"rendered":"http:\/\/tri-tockice.hr\/index.html\/?page_id=35"},"modified":"2019-10-31T10:32:55","modified_gmt":"2019-10-31T10:32:55","slug":"kontakti","status":"publish","type":"page","link":"https:\/\/tri-tockice.hr\/index.html\/","title":{"rendered":"O nama"},"content":{"rendered":"<p><iframe loading=\"lazy\" style=\"border: none; overflow: hidden;\" src=\"https:\/\/www.facebook.com\/plugins\/like.php?href=https%3A%2F%2Fweb.facebook.com%2Ftritockice.hr&amp;width=450&amp;layout=standard&amp;action=like&amp;size=small&amp;show_faces=true&amp;share=true&amp;height=80&amp;appId\" width=\"450\" height=\"80\" frameborder=\"0\" scrolling=\"no\"><\/iframe><\/p>\n<p>Web koristi kola\u010di\u0107e kako bi se osiguralo bolje korisni\u010dko iskustvo i funkcionalnost stranica.<\/p>\n<p><strong>TKO SMO?<\/strong><\/p>\n<p>Tri to\u010dkice d.o.o. je poduze\u0107e koje se od 2006 godine bavi projektiranjem, proizvodnjom, monta\u017eom i transportom namje\u0161taja za Va\u0161 dom ili poslovni prostor. S nama je veliki broj zadovoljnih klijenata koji su ujedno i na\u0161a najbolja reklama. Mo\u017eemo proizvesti namje\u0161taj za svaki Va\u0161 prostor i od bilo kojeg materijala, ali biraju\u0107i uvijek najkvalitetnije i prilago\u0111avaju\u0107i svaki proizvod Va\u0161<span class=\"text_exposed_show\">im \u017eeljama i potrebama.<\/span><\/p>\n<p><strong>PO \u010cEMU SE RAZLIKUJEMO OD DRUGIH?<\/strong><\/p>\n<p>Kad mi govorimo o namje\u0161taju, onda razmi\u0161ljamo o kreaciji koja \u0107e izraziti va\u0161u osobnost, tako da dugi niz godina mo\u017eete biti ponosni na Va\u0161 jedinstveni namje\u0161taj, a pritom Vam garantiramo maksimalnu kvalitetu i funkcionalnost.<\/p>\n<p><strong>KAKO RADIMO?<\/strong><\/p>\n<p>Nakon \u0161to nas kontaktirate, u najkra\u0107em mogu\u0107em roku dolazimo u Va\u0161 prostor, zajedno vr\u0161imo izmjeru te biramo materijale, savjetujemo Vas kako najbolje iskoristiti prostor misle\u0107i pritom na lijep dizajn i funkcionalnost, te zatim formiramo ponudu i to besplatno i bez obveze. Zatim pristupamo izadi namje\u0161taja u na\u0161oj radionici te ga dostavljamo na Va\u0161u adresu i montiramo. Osim izrade novog, vr\u0161imo i korekcije ili popravke na starom namje\u0161taju (ukoliko je to mogu\u0107e), te Vam za sve na\u0161e poslove dajemo vi\u0161egodi\u0161nju garanciju uz redovito odr\u017eavanje i servisiranje po potrebi.<\/p>\n<p><strong>\u0160TO RADIMO?<\/strong><\/p>\n<p>Na\u0161a ponuda obuhva\u0107a kuhinje, dnevne, dje\u010dje i spava\u0107e sobe, kupaonske elemente, ugradbene ormare, predsoblja, uredski namje\u0161taj, radna mjesta za frizerske i kozmeti\u010dke salone\u2026.. Osim izrade, nudimo vam tapecirani namje\u0161taj SIMPO , monta\u017eu i demonta\u017eu namje\u0161taja, dostavu, pa \u010dak i selidbe.<\/p>\n<p>Va\u0161 jedini zadatak je da nas kontaktirate, a mi \u0107emo Vam pomo\u0107i pri ostvarenju Va\u0161ih snova i dati sve od sebe da opravdamo Va\u0161e povjerenje u \u017eelji da postnete jo\u0161 jedan na\u0161 zadovoljni klijent.<\/p>\n","protected":false},"excerpt":{"rendered":"<p>Web koristi kola\u010di\u0107e kako bi se osiguralo bolje korisni\u010dko iskustvo i funkcionalnost stranica. TKO SMO? Tri to\u010dkice d.o.o. je poduze\u0107e koje se od 2006 godine bavi projektiranjem, proizvodnjom, monta\u017eom i transportom namje\u0161taja za Va\u0161 dom ili poslovni prostor. S nama <a href=\"https:\/\/tri-tockice.hr\/index.html\/\" class=\"read-more\">Read More &#8230;<\/a><\/p>\n","protected":false},"author":1,"featured_media":210,"parent":0,"menu_order":0,"comment_status":"closed","ping_status":"closed","template":"","meta":[],"_links":{"self":[{"href":"https:\/\/tri-tockice.hr\/index.html\/wp-json\/wp\/v2\/pages\/35"}],"collection":[{"href":"https:\/\/tri-tockice.hr\/index.html\/wp-json\/wp\/v2\/pages"}],"about":[{"href":"https:\/\/tri-tockice.hr\/index.html\/wp-json\/wp\/v2\/types\/page"}],"author":[{"embeddable":true,"href":"https:\/\/tri-tockice.hr\/index.html\/wp-json\/wp\/v2\/users\/1"}],"replies":[{"embeddable":true,"href":"https:\/\/tri-tockice.hr\/index.html\/wp-json\/wp\/v2\/comments?post=35"}],"version-history":[{"count":15,"href":"https:\/\/tri-tockice.hr\/index.html\/wp-json\/wp\/v2\/pages\/35\/revisions"}],"predecessor-version":[{"id":418,"href":"https:\/\/tri-tockice.hr\/index.html\/wp-json\/wp\/v2\/pages\/35\/revisions\/418"}],"wp:featuredmedia":[{"embeddable":true,"href":"https:\/\/tri-tockice.hr\/index.html\/wp-json\/wp\/v2\/media\/210"}],"wp:attachment":[{"href":"https:\/\/tri-tockice.hr\/index.html\/wp-json\/wp\/v2\/media?parent=35"}],"curies":[{"name":"wp","href":"https:\/\/api.w.org\/{rel}","templated":true}]}}